{"id":9,"date":"2025-03-17T09:27:59","date_gmt":"2025-03-17T09:27:59","guid":{"rendered":"https:\/\/potsdam.anthropology.pl\/?page_id=9"},"modified":"2025-05-07T14:28:44","modified_gmt":"2025-05-07T14:28:44","slug":"strona-glowna","status":"publish","type":"page","link":"https:\/\/potsdam.anthropology.pl\/","title":{"rendered":"Zapraszam na zwiedzanie Poczdamu zar\u00f3wno po trasach znanych i lubianych jak i nietypowych i zaskakuj\u0105cych. Ta strona ma Ci pom\u00f3c w podj\u0119ciu decyzji jaki Poczdam chcia\u0142aby\u015b lub chcia\u0142by\u015b pozna\u0107 lub pokaza\u0107 swoim go\u015bciom."},"content":{"rendered":"\n<figure class=\"wp-block-image size-large\"><img loading=\"lazy\" decoding=\"async\" width=\"1024\" height=\"768\" src=\"https:\/\/potsdam.anthropology.pl\/wp-content\/uploads\/2025\/05\/P1000227-1024x768.jpg\" alt=\"\" class=\"wp-image-58\" srcset=\"https:\/\/potsdam.anthropology.pl\/wp-content\/uploads\/2025\/05\/P1000227-1024x768.jpg 1024w, https:\/\/potsdam.anthropology.pl\/wp-content\/uploads\/2025\/05\/P1000227-300x225.jpg 300w, https:\/\/potsdam.anthropology.pl\/wp-content\/uploads\/2025\/05\/P1000227-768x576.jpg 768w, https:\/\/potsdam.anthropology.pl\/wp-content\/uploads\/2025\/05\/P1000227-1536x1152.jpg 1536w, https:\/\/potsdam.anthropology.pl\/wp-content\/uploads\/2025\/05\/P1000227-2048x1536.jpg 2048w\" sizes=\"auto, (max-width: 767px) 89vw, (max-width: 1000px) 54vw, (max-width: 1071px) 543px, 580px\" \/><\/figure>\n","protected":false},"excerpt":{"rendered":"","protected":false},"author":1,"featured_media":0,"parent":0,"menu_order":0,"comment_status":"closed","ping_status":"closed","template":"","meta":{"footnotes":""},"class_list":["post-9","page","type-page","status-publish","hentry"],"_links":{"self":[{"href":"https:\/\/potsdam.anthropology.pl\/index.php?rest_route=\/wp\/v2\/pages\/9","targetHints":{"allow":["GET"]}}],"collection":[{"href":"https:\/\/potsdam.anthropology.pl\/index.php?rest_route=\/wp\/v2\/pages"}],"about":[{"href":"https:\/\/potsdam.anthropology.pl\/index.php?rest_route=\/wp\/v2\/types\/page"}],"author":[{"embeddable":true,"href":"https:\/\/potsdam.anthropology.pl\/index.php?rest_route=\/wp\/v2\/users\/1"}],"replies":[{"embeddable":true,"href":"https:\/\/potsdam.anthropology.pl\/index.php?rest_route=%2Fwp%2Fv2%2Fcomments&post=9"}],"version-history":[{"count":3,"href":"https:\/\/potsdam.anthropology.pl\/index.php?rest_route=\/wp\/v2\/pages\/9\/revisions"}],"predecessor-version":[{"id":59,"href":"https:\/\/potsdam.anthropology.pl\/index.php?rest_route=\/wp\/v2\/pages\/9\/revisions\/59"}],"wp:attachment":[{"href":"https:\/\/potsdam.anthropology.pl\/index.php?rest_route=%2Fwp%2Fv2%2Fmedia&parent=9"}],"curies":[{"name":"wp","href":"https:\/\/api.w.org\/{rel}","templated":true}]}}